{"id":148,"date":"2015-08-13T12:43:18","date_gmt":"2015-08-13T10:43:18","guid":{"rendered":"http:\/\/lawibiza.es\/?page_id=148"},"modified":"2026-02-20T16:18:22","modified_gmt":"2026-02-20T15:18:22","slug":"law-imprint","status":"publish","type":"page","link":"https:\/\/www.law-gin.com\/es\/law-imprint\/","title":{"rendered":"Aviso Legal"},"content":{"rendered":"<p><\/p>\n<h1>Aviso Legal<\/h1>\n<p>LAW &#8211; Spirit of Ibiza S.L.<br \/>\nCarretera Sta. Eulalia, km 2<br \/>\n07840 Sta. Eulalia del Rio | Ibiza<\/p>\n<p>Producido por Ibiza Destillations S.L.<br \/>\nPol\u00edgono Industrial Ca na Palava, Nave 4<br \/>\n07819 Jesus, Ibiza, Espa\u00f1a<\/p>\n<h2>Representado por:<\/h2>\n<p>Wolfgang Lettner<br \/>\nDirk Fahrenbruch von der Mark<br \/>\nRalf K\u00f6hne<\/p>\n<p><strong>Miembros Fundadores:<\/strong><br \/>\nLuna von Eisenhart Rothe<br \/>\nAlexander von Eisenhart Rothe<br \/>\nWolfgang Lettner<\/p>\n<h2>Contacto:<\/h2>\n<p>Tel: 0034 646 377 695<br \/>\nEmail: enjoy [arroba] law-ibiza.com<\/p>\n<h2>N\u00famero de identificaci\u00f3n del IVA:<\/h2>\n<p>LAW &#8211; Spirit of Ibiza S.L.: ES B 57806101<\/p>\n<p>LAW es producida por Ibiza Destilaltions S.L: CIF: B57805467<\/p>\n<h2>Resoluci\u00f3n de conflictos<\/h2>\n<p>La Comisi\u00f3n Europea proporciona una plataforma para la resoluci\u00f3n de disputas (OS) en l\u00ednea: https:\/\/ec.europa.eu\/consumers\/odr.<br \/>\nEncuentre nuestro correo electr\u00f3nico en esta nota \/ aviso legal.<\/p>\n<p>No tomamos parte en las resoluciones de disputas en l\u00ednea en las juntas de arbitraje de consumidores.<\/p>","protected":false},"excerpt":{"rendered":"<p>Aviso Legal LAW &#8211; Spirit of Ibiza S.L. Carretera Sta. Eulalia, km 2 07840 Sta. Eulalia del Rio | Ibiza Producido por Ibiza Destillations S.L. Pol\u00edgono Industrial Ca na Palava,<\/p>\n<p><a class=\"read-more\" href=\"https:\/\/www.law-gin.com\/es\/law-imprint\/\">Read more \u00bb<\/a><\/p>\n","protected":false},"author":1,"featured_media":210,"parent":0,"menu_order":0,"comment_status":"open","ping_status":"open","template":"page-empty.php","meta":[],"_links":{"self":[{"href":"https:\/\/www.law-gin.com\/es\/wp-json\/wp\/v2\/pages\/148"}],"collection":[{"href":"https:\/\/www.law-gin.com\/es\/wp-json\/wp\/v2\/pages"}],"about":[{"href":"https:\/\/www.law-gin.com\/es\/wp-json\/wp\/v2\/types\/page"}],"author":[{"embeddable":true,"href":"https:\/\/www.law-gin.com\/es\/wp-json\/wp\/v2\/users\/1"}],"replies":[{"embeddable":true,"href":"https:\/\/www.law-gin.com\/es\/wp-json\/wp\/v2\/comments?post=148"}],"version-history":[{"count":16,"href":"https:\/\/www.law-gin.com\/es\/wp-json\/wp\/v2\/pages\/148\/revisions"}],"predecessor-version":[{"id":1186,"href":"https:\/\/www.law-gin.com\/es\/wp-json\/wp\/v2\/pages\/148\/revisions\/1186"}],"wp:featuredmedia":[{"embeddable":true,"href":"https:\/\/www.law-gin.com\/es\/wp-json\/wp\/v2\/media\/210"}],"wp:attachment":[{"href":"https:\/\/www.law-gin.com\/es\/wp-json\/wp\/v2\/media?parent=148"}],"curies":[{"name":"wp","href":"https:\/\/api.w.org\/{rel}","templated":true}]}}