{"id":160,"date":"2015-08-14T10:48:21","date_gmt":"2015-08-14T08:48:21","guid":{"rendered":"http:\/\/lawibiza.es\/?page_id=160"},"modified":"2015-11-02T17:15:44","modified_gmt":"2015-11-02T16:15:44","slug":"contact","status":"publish","type":"page","link":"https:\/\/www.law-gin.com\/es\/contact\/","title":{"rendered":"Contacto"},"content":{"rendered":"<p><br \/>\n<div class=\"frm_forms  with_frm_style frm_style_formidable-style\" id=\"frm_form_3_container\" >\n<form enctype=\"multipart\/form-data\" method=\"post\" class=\"frm-show-form \" id=\"form_8phn1m\"  >\n<div class=\"frm_form_fields \">\n<fieldset>\n<legend class=\"frm_hidden\">Contacto<\/legend>\r\n\r\n<div class=\"frm_fields_container\">\n<input type=\"hidden\" name=\"frm_action\" value=\"create\" \/>\n<input type=\"hidden\" name=\"form_id\" value=\"3\" \/>\n<input type=\"hidden\" name=\"frm_hide_fields_3\" id=\"frm_hide_fields_3\" value=\"\" \/>\n<input type=\"hidden\" name=\"form_key\" value=\"8phn1m\" \/>\n<input type=\"hidden\" name=\"item_meta[0]\" value=\"\" \/>\n<input type=\"hidden\" id=\"frm_submit_entry_3\" name=\"frm_submit_entry_3\" value=\"0a130f9abe\" \/><input type=\"hidden\" name=\"_wp_http_referer\" value=\"\/es\/wp-json\/wp\/v2\/pages\/160\" \/><div id=\"frm_field_12_container\" class=\"frm_form_field form-field  frm_top_container\">\r\n    <label for=\"field_wn6kj5\" class=\"frm_primary_label\">Nombre\r\n        <span class=\"frm_required\"><\/span>\r\n    <\/label>\r\n    <input type=\"text\" id=\"field_wn6kj5\" name=\"item_meta[12]\" value=\"\"  data-invmsg=\"Nombre is invalid\" aria-invalid=\"false\"  \/>\r\n    \r\n    \r\n<\/div>\n<div id=\"frm_field_28_container\" class=\"frm_form_field form-field  frm_required_field frm_top_container\">\r\n    <label for=\"field_nrtur\" id=\"field_nrtur_label\" class=\"frm_primary_label\">Correo electr\u00f3nico\r\n        <span class=\"frm_required\">*<\/span>\r\n    <\/label>\r\n    <input type=\"email\" id=\"field_nrtur\" name=\"item_meta[28]\" value=\"\"  data-reqmsg=\"This field cannot be blank.\" aria-required=\"true\" data-invmsg=\"Correo incorrecto\" aria-invalid=\"false\"  \/>\r\n    \r\n    \r\n<\/div>\n<div id=\"frm_field_14_container\" class=\"frm_form_field form-field  frm_top_container\">\r\n    <label for=\"field_xx1xm6\" class=\"frm_primary_label\">Asunto\r\n        <span class=\"frm_required\"><\/span>\r\n    <\/label>\r\n    <input type=\"text\" id=\"field_xx1xm6\" name=\"item_meta[14]\" value=\"\"  data-invmsg=\"Asunto is invalid\" aria-invalid=\"false\"  \/>\r\n    \r\n    \r\n<\/div>\n<div id=\"frm_field_15_container\" class=\"frm_form_field form-field  frm_top_container\">\r\n    <label for=\"field_8wo2mv\" class=\"frm_primary_label\">Mensaje\r\n        <span class=\"frm_required\"><\/span>\r\n    <\/label>\r\n    <textarea name=\"item_meta[15]\" id=\"field_8wo2mv\" rows=\"5\"  data-invmsg=\"Mensaje no es v\u00e1lido\" aria-invalid=\"false\"  ><\/textarea>\r\n    \r\n    \r\n<\/div>\n<div id=\"frm_field_22_container\" class=\"frm_form_field form-field  frm_required_field frm_none_container vertical_radio\">\r\n    <label for=\"field_n0t7u\" class=\"frm_primary_label\">GDPR\r\n        <span class=\"frm_required\">*<\/span>\r\n    <\/label>\r\n    <div class=\"frm_opt_container\">\t\t<div class=\"frm_checkbox\" id=\"frm_checkbox_22-0\"><label for=\"field_n0t7u-0\"><input type=\"checkbox\" name=\"item_meta[22][]\" id=\"field_n0t7u-0\" value=\"Usted acepta que su informaci\u00f3n se utilizar\u00e1 para procesar su solicitud. &lt;br&gt;Puede encontrar m\u00e1s informaci\u00f3n e instrucciones de revocaci\u00f3n en nuestra &lt;a href=&quot;https:\/\/www.law-gin.com\/es\/privacy-policy\/&quot; title=&quot;pol\u00edtica de privacidad&quot;&gt;pol\u00edtica de privacidad&lt;\/a&gt;.\"  data-reqmsg=\"Por favor acepta\" data-invmsg=\"GDPR no es v\u00e1lido\" aria-invalid=\"false\"   \/> Usted acepta que su informaci\u00f3n se utilizar\u00e1 para procesar su solicitud. <br>Puede encontrar m\u00e1s informaci\u00f3n e instrucciones de revocaci\u00f3n en nuestra <a href=\"https:\/\/www.law-gin.com\/es\/privacy-policy\/\" title=\"pol\u00edtica de privacidad\">pol\u00edtica de privacidad<\/a>.<\/label><\/div>\n<\/div>\r\n    \r\n    \r\n<\/div>\n<div id=\"frm_field_23_container\" class=\"frm_form_field form-field  frm_none_container\">\r\n    <label  class=\"frm_primary_label\">reCAPTCHA\r\n        <span class=\"frm_required\"><\/span>\r\n    <\/label>\r\n    <div id=\"field_eaays\" class=\"g-recaptcha\" data-sitekey=\"6LeqyF0UAAAAAJGpZKWMRACvhaEcpwmwqhbOQUZC\" data-size=\"normal\" data-theme=\"light\"><\/div>\r\n    \r\n    \r\n<\/div>\n<input type=\"hidden\" name=\"item_key\" value=\"\" \/>\n\t<div class=\"frm_submit\">\r\n\r\n<input type=\"submit\" value=\"Enviar mensaje\"  \/>\r\n<img class=\"frm_ajax_loading\" src=\"https:\/\/www.law-gin.com\/wp-content\/plugins\/formidable\/images\/ajax_loader.gif\" alt=\"Wird gesendet\"\/>\r\n\r\n<\/div><div class=\"frm_verify\" aria-hidden=\"true\">\n\t<label for=\"frm_verify_3\">\n\t\tSi eres humano, deja este campo en blanco.\t<\/label>\n\t<input type=\"text\" class=\"frm_verify\" id=\"frm_verify_3\" name=\"frm_verify\" value=\"\"  \/>\n<\/div>\n<\/div>\n<\/fieldset>\n<\/div>\n<\/form>\n<\/div>\n<\/p>\n<p><\/p>","protected":false},"excerpt":{"rendered":"","protected":false},"author":1,"featured_media":212,"parent":0,"menu_order":0,"comment_status":"open","ping_status":"open","template":"","meta":[],"_links":{"self":[{"href":"https:\/\/www.law-gin.com\/es\/wp-json\/wp\/v2\/pages\/160"}],"collection":[{"href":"https:\/\/www.law-gin.com\/es\/wp-json\/wp\/v2\/pages"}],"about":[{"href":"https:\/\/www.law-gin.com\/es\/wp-json\/wp\/v2\/types\/page"}],"author":[{"embeddable":true,"href":"https:\/\/www.law-gin.com\/es\/wp-json\/wp\/v2\/users\/1"}],"replies":[{"embeddable":true,"href":"https:\/\/www.law-gin.com\/es\/wp-json\/wp\/v2\/comments?post=160"}],"version-history":[{"count":6,"href":"https:\/\/www.law-gin.com\/es\/wp-json\/wp\/v2\/pages\/160\/revisions"}],"predecessor-version":[{"id":351,"href":"https:\/\/www.law-gin.com\/es\/wp-json\/wp\/v2\/pages\/160\/revisions\/351"}],"wp:featuredmedia":[{"embeddable":true,"href":"https:\/\/www.law-gin.com\/es\/wp-json\/wp\/v2\/media\/212"}],"wp:attachment":[{"href":"https:\/\/www.law-gin.com\/es\/wp-json\/wp\/v2\/media?parent=160"}],"curies":[{"name":"wp","href":"https:\/\/api.w.org\/{rel}","templated":true}]}}