{"id":39,"date":"2015-06-08T11:11:12","date_gmt":"2015-06-08T09:11:12","guid":{"rendered":"http:\/\/192.168.1.103:8888\/law\/?page_id=39"},"modified":"2021-02-09T16:32:27","modified_gmt":"2021-02-09T15:32:27","slug":"green-pepper","status":"publish","type":"page","link":"https:\/\/www.law-gin.com\/es\/green-pepper\/","title":{"rendered":"Pimientos de Padr\u00f3n"},"content":{"rendered":"<p>Como bot\u00e1nico, incre\u00edble pero cierto: \u00abPimientos de Padr\u00f3n\u00bb, ese tipo de pimiento peque\u00f1o y picante que se sirve, frito en aceite de oliva y aderezada con sal gorda, como tapa en toda Espa\u00f1a.<\/p>","protected":false},"excerpt":{"rendered":"<p>Como bot\u00e1nico, incre\u00edble pero cierto: \u00abPimientos de Padr\u00f3n\u00bb, ese tipo de pimiento peque\u00f1o y picante que se sirve, frito en aceite de oliva y aderezada con sal gorda, como tapa<\/p>\n<p><a class=\"read-more\" href=\"https:\/\/www.law-gin.com\/es\/green-pepper\/\">Read more \u00bb<\/a><\/p>\n","protected":false},"author":1,"featured_media":203,"parent":0,"menu_order":0,"comment_status":"open","ping_status":"open","template":"","meta":[],"_links":{"self":[{"href":"https:\/\/www.law-gin.com\/es\/wp-json\/wp\/v2\/pages\/39"}],"collection":[{"href":"https:\/\/www.law-gin.com\/es\/wp-json\/wp\/v2\/pages"}],"about":[{"href":"https:\/\/www.law-gin.com\/es\/wp-json\/wp\/v2\/types\/page"}],"author":[{"embeddable":true,"href":"https:\/\/www.law-gin.com\/es\/wp-json\/wp\/v2\/users\/1"}],"replies":[{"embeddable":true,"href":"https:\/\/www.law-gin.com\/es\/wp-json\/wp\/v2\/comments?post=39"}],"version-history":[{"count":23,"href":"https:\/\/www.law-gin.com\/es\/wp-json\/wp\/v2\/pages\/39\/revisions"}],"predecessor-version":[{"id":952,"href":"https:\/\/www.law-gin.com\/es\/wp-json\/wp\/v2\/pages\/39\/revisions\/952"}],"wp:featuredmedia":[{"embeddable":true,"href":"https:\/\/www.law-gin.com\/es\/wp-json\/wp\/v2\/media\/203"}],"wp:attachment":[{"href":"https:\/\/www.law-gin.com\/es\/wp-json\/wp\/v2\/media?parent=39"}],"curies":[{"name":"wp","href":"https:\/\/api.w.org\/{rel}","templated":true}]}}