{"id":48,"date":"2015-06-08T11:14:27","date_gmt":"2015-06-08T09:14:27","guid":{"rendered":"http:\/\/192.168.1.103:8888\/law\/?page_id=48"},"modified":"2021-02-09T15:31:15","modified_gmt":"2021-02-09T14:31:15","slug":"manufacture-2","status":"publish","type":"page","link":"https:\/\/www.law-gin.com\/es\/manufacture-2\/","title":{"rendered":"Producci\u00f3n"},"content":{"rendered":"<p><strong>LAW<\/strong> &#8211; The Gin of Ibiza es sin\u00f3nimo de un London Dry Gin artesanal de la m\u00e1s alta calidad. Con esto nos comprometemos a la destilaci\u00f3n suave de tan solo ingredientes naturales sobre la base de alcohol de trigo puro. Sin excepci\u00f3n, no a\u00f1adimos az\u00facar ni aromas artificiales.<\/p>\n<p>En nuestra manufactura, situada en el coraz\u00f3n de la isla de Ibiza, producimos nosotros mismos nuestro gin en peque\u00f1as cantidades &#8211; los llamados small batches, para garantizar el cumplimiento de nuestros altos est\u00e1ndares de calidad.<\/p>","protected":false},"excerpt":{"rendered":"<p>LAW &#8211; The Gin of Ibiza es sin\u00f3nimo de un London Dry Gin artesanal de la m\u00e1s alta calidad. Con esto nos comprometemos a la destilaci\u00f3n suave de tan solo<\/p>\n<p><a class=\"read-more\" href=\"https:\/\/www.law-gin.com\/es\/manufacture-2\/\">Read more \u00bb<\/a><\/p>\n","protected":false},"author":1,"featured_media":929,"parent":0,"menu_order":0,"comment_status":"open","ping_status":"open","template":"","meta":[],"_links":{"self":[{"href":"https:\/\/www.law-gin.com\/es\/wp-json\/wp\/v2\/pages\/48"}],"collection":[{"href":"https:\/\/www.law-gin.com\/es\/wp-json\/wp\/v2\/pages"}],"about":[{"href":"https:\/\/www.law-gin.com\/es\/wp-json\/wp\/v2\/types\/page"}],"author":[{"embeddable":true,"href":"https:\/\/www.law-gin.com\/es\/wp-json\/wp\/v2\/users\/1"}],"replies":[{"embeddable":true,"href":"https:\/\/www.law-gin.com\/es\/wp-json\/wp\/v2\/comments?post=48"}],"version-history":[{"count":15,"href":"https:\/\/www.law-gin.com\/es\/wp-json\/wp\/v2\/pages\/48\/revisions"}],"predecessor-version":[{"id":944,"href":"https:\/\/www.law-gin.com\/es\/wp-json\/wp\/v2\/pages\/48\/revisions\/944"}],"wp:featuredmedia":[{"embeddable":true,"href":"https:\/\/www.law-gin.com\/es\/wp-json\/wp\/v2\/media\/929"}],"wp:attachment":[{"href":"https:\/\/www.law-gin.com\/es\/wp-json\/wp\/v2\/media?parent=48"}],"curies":[{"name":"wp","href":"https:\/\/api.w.org\/{rel}","templated":true}]}}